{"id":610,"date":"2021-03-28T13:28:02","date_gmt":"2021-03-28T13:28:02","guid":{"rendered":"https:\/\/samoraiscastro.bytebrand.pt\/?page_id=610"},"modified":"2025-07-10T11:26:02","modified_gmt":"2025-07-10T11:26:02","slug":"politica-de-cookies","status":"publish","type":"page","link":"https:\/\/samoraiscastro.pt\/index.php\/politica-de-cookies\/","title":{"rendered":"Pol\u00edtica de Cookies"},"content":{"rendered":"\t\t<div data-elementor-type=\"wp-page\" data-elementor-id=\"610\" class=\"elementor elementor-610\" data-elementor-post-type=\"page\">\n\t\t\t\t\t\t<section class=\"elementor-section elementor-top-section elementor-element elementor-element-c2c72b4 elementor-section-boxed elementor-section-height-default elementor-section-height-default\" data-id=\"c2c72b4\" data-element_type=\"section\" data-e-type=\"section\">\n\t\t\t\t\t\t<div class=\"elementor-container elementor-column-gap-default\">\n\t\t\t\t\t<div class=\"elementor-column elementor-col-100 elementor-top-column elementor-element elementor-element-83cda52\" data-id=\"83cda52\" data-element_type=\"column\" data-e-type=\"column\">\n\t\t\t<div class=\"elementor-widget-wrap elementor-element-populated\">\n\t\t\t\t\t\t<div class=\"elementor-element elementor-element-87c859e elementor-widget elementor-widget-text-editor\" data-id=\"87c859e\" data-element_type=\"widget\" data-e-type=\"widget\" data-widget_type=\"text-editor.default\">\n\t\t\t\t<div class=\"elementor-widget-container\">\n\t\t\t\t\t\t\t\t\t<h3 style=\"font-family: Raleway, sans-serif; font-weight: 600; line-height: 28px; color: #000000; margin-bottom: 11px; font-size: 24px; font-style: normal; font-variant-numeric: inherit; font-variant-east-asian: inherit; font-stretch: inherit; text-size-adjust: none;\">POL\u00cdTICA DE COOKIES<\/h3><p>\u00a0<\/p><p>O website <a href=\"http:\/\/www.samoraiscastro.pt\">www.samoraiscastro.pt<\/a> \u00e9 propriedade da Sotecnisol S.A (Grupo Sotecnisol).<\/p><p>\u00a0<\/p><p>A SMC respeita a sua privacidade e compromete-se a proteg\u00ea-la. Para esse efeito, chamamos a sua aten\u00e7\u00e3o para esta Nota de Privacidade, que fornece informa\u00e7\u00e3o acerca da nossa pol\u00edtica de privacidade, pr\u00e1ticas e escolhas que poder\u00e1 fazer sobre o modo de recolha de informa\u00e7\u00e3o online e como essa informa\u00e7\u00e3o poder\u00e1 ser usada. Este website rege-se pelas leis de Portugal. Os tribunais portugueses ter\u00e3o jurisdi\u00e7\u00e3o exclusiva sobre qualquer disputa proveniente da utiliza\u00e7\u00e3o deste website.<\/p><p>\u00a0<\/p><ol><li><strong> Dados recolhidos automaticamente<\/strong><\/li><\/ol><p>Os dom\u00ednios e endere\u00e7os de IP dos visitantes s\u00e3o registados automaticamente. Esta informa\u00e7\u00e3o n\u00e3o identifica o utilizador, mas apenas o computador utilizado no acesso ao site. Estes dados s\u00e3o analisados a n\u00edvel global para verificar em que s\u00edtio do mundo o site est\u00e1 a ser utilizado, por forma a assegurar a sua cobertura e a permitir que o nosso servi\u00e7o ao utilizador possa ser melhorado. Os dados pessoais de cada utilizador n\u00e3o s\u00e3o objeto de recolha e an\u00e1lise neste processo.<\/p><p>\u00a0<\/p><ol start=\"2\"><li><strong> Cookies<\/strong><\/li><\/ol><p>Para recolher a informa\u00e7\u00e3o referida no ponto 1, poder\u00e3o ser utilizados cookies tempor\u00e1rios que ficar\u00e3o no ficheiro de cookies do programa de navega\u00e7\u00e3o do utilizador at\u00e9 que o mesmo seja encerrado. Os cookies por si s\u00f3 n\u00e3o servem para identificar o utilizador. O cookie \u00e9 um pequeno peda\u00e7o de informa\u00e7\u00e3o enviada para o servidor do utilizador e arquivada no disco duro do seu computador, n\u00e3o causando qualquer dano ao mesmo. O utilizador poder\u00e1 programar o seu programa de navega\u00e7\u00e3o por forma a ser notificado sempre que receber um cookie, podendo optar por aceit\u00e1-lo ou rejeit\u00e1-lo.<\/p><p>\u00c9 utilizado o endere\u00e7o IP do utilizador para ajudar a diagnosticar problemas com o seu servidor e para administrar o website <a href=\"http:\/\/www.samoraiscastro.pt\">www.samoraiscastro.pt<\/a>.\u00a0O endere\u00e7o IP \u00e9 um c\u00f3digo num\u00e9rico que identifica um computador na rede\/Internet. O endere\u00e7o IP do utilizador \u00e9 tamb\u00e9m utilizado para recolher informa\u00e7\u00e3o demogr\u00e1fica. Poderemos igualmente realizar pesquisas de IP para determinar de que dom\u00ednio o utilizador partiu (por exemplo: aol.com, asuaempresa.com), a fim de aferir melhor os dados demogr\u00e1ficos.<\/p><p>\u00a0<\/p><ol start=\"3\"><li><strong> Recolha e tratamento de dados pessoais<\/strong><\/li><\/ol><p>A presente pol\u00edtica de privacidade regula a recolha de dados pessoais e o seu posterior tratamento, bem como o exerc\u00edcio dos direitos do seu titular nos termos do Regulamento Geral sobre Prote\u00e7\u00e3o de Dados (RGPD).<\/p><p>Os dados recolhidos ser\u00e3o processados e armazenados informaticamente pela entidade respons\u00e1vel pelo tratamento, a SMC, bem como pelas empresas integradas no seu per\u00edmetro de consolida\u00e7\u00e3o.<\/p><p>Estes dados ser\u00e3o tratados de forma confidencial e utilizados para finalidades espec\u00edficas como recrutamento e sele\u00e7\u00e3o, gest\u00e3o de den\u00fancias e reclama\u00e7\u00f5es, pedidos de informa\u00e7\u00e3o ou esclarecimento, e iniciativas de responsabilidade social, conforme indicado nos formul\u00e1rios de recolha de informa\u00e7\u00e3o.<\/p><p>O tratamento dos dados \u00e9 necess\u00e1rio para o prosseguimento das atividades principais e acess\u00f3rias da SMC e ser\u00e1 efetuado de forma leg\u00edtima, transparente e segura.<\/p><p>\u00a0<\/p><ol start=\"4\"><li><strong> Acesso aos dados pessoais<\/strong><\/li><\/ol><p>Nos termos da legisla\u00e7\u00e3o aplic\u00e1vel, o titular dos dados pessoais poder\u00e1 solicitar o acesso, atualiza\u00e7\u00e3o, corre\u00e7\u00e3o, suspens\u00e3o e elimina\u00e7\u00e3o dos dados que lhe digam respeito, ou opor-se ao seu tratamento, bem como exercer o direito de portabilidade, pessoalmente, por carta ou por correio eletr\u00f3nico para:<\/p><p>\u00a0<\/p><p><strong>Grupo Sotecnisol<\/strong><br \/>Morada: Rua do Ferro, 2681-502, Camarate <br \/>Email: <a href=\"mailto:geral@sotecnisol.pt\">geral@sotecnisol.pt<\/a><\/p><p>\u00a0<\/p><p>Caso o titular dos dados entenda que o tratamento dos seus dados pessoais viola o RGPD, pode apresentar reclama\u00e7\u00e3o junto da Autoridade Nacional de Controlo (CNPD).<\/p><p>\u00a0<\/p><ol start=\"5\"><li><strong> Cumprimento\/conformidade de privacidade<\/strong><\/li><\/ol><p>A presente pol\u00edtica de privacidade regula a recolha e o tratamento dos dados pessoais, bem como o exerc\u00edcio dos direitos dos titulares nos termos do RGPD. A legisla\u00e7\u00e3o de prote\u00e7\u00e3o de dados est\u00e1 sujeita a revis\u00e3o, pelo que recomendamos a consulta regular desta pol\u00edtica.<\/p><p>\u00a0<\/p><ol start=\"6\"><li><strong> Hyperlinks<\/strong><\/li><\/ol><p>O website da SMC poder\u00e1 fornecer links para sites externos para sua conveni\u00eancia e informa\u00e7\u00e3o. Ao aceder a esses links sair\u00e1 do site da SMC. A SMC n\u00e3o controla esses sites nem as suas pol\u00edticas de privacidade, que poder\u00e3o ser diferentes. A nossa pol\u00edtica de privacidade n\u00e3o cobre os dados pessoais eventualmente cedidos pelo utilizador a sites externos.<\/p><p>Recomendamos a leitura das pol\u00edticas de privacidade desses sites antes de submeter qualquer informa\u00e7\u00e3o pessoal. Algumas dessas entidades externas poder\u00e3o partilhar informa\u00e7\u00e3o com a SMC, sendo tal partilha regida pelas respetivas pol\u00edticas.<\/p><p>\u00a0<\/p><ol start=\"7\"><li><strong> Propriedade e Acesso<\/strong><\/li><\/ol><p>Todo o conte\u00fado deste site (textos, imagens, marcas e log\u00f3tipos) \u00e9 propriedade intelectual da SMC. \u00c9 proibida a c\u00f3pia, reprodu\u00e7\u00e3o, modifica\u00e7\u00e3o ou difus\u00e3o do conte\u00fado deste site sem autoriza\u00e7\u00e3o expressa e por escrito da SMC. A SMC permite o livre acesso, sem custos, ao seu site, com o objetivo de proporcionar informa\u00e7\u00e3o sobre a empresa e os projetos que desenvolve.<\/p><p>\u00a0<\/p><ol start=\"8\"><li><strong> Seguran\u00e7a<\/strong><\/li><\/ol><p>A SMC implementa medidas t\u00e9cnicas e organizativas adequadas para proteger os dados fornecidos contra manipula\u00e7\u00e3o, perda, destrui\u00e7\u00e3o ou acesso n\u00e3o autorizado. Estas medidas s\u00e3o revistas e atualizadas regularmente, de acordo com os avan\u00e7os tecnol\u00f3gicos.<\/p><p>\u00a0<\/p><ol start=\"9\"><li><strong> Lei e jurisdi\u00e7\u00e3o<\/strong><\/li><\/ol><p>Este site foi criado e \u00e9 mantido em conformidade com a legisla\u00e7\u00e3o portuguesa. O uso do site est\u00e1 sujeito a estas regras e a quaisquer outras condi\u00e7\u00f5es que venham a ser estabelecidas. Quaisquer lit\u00edgios que envolvam a SMC no \u00e2mbito do site ser\u00e3o resolvidos ao abrigo da legisla\u00e7\u00e3o portuguesa, sendo exclusivamente competentes os tribunais portugueses.<\/p><p>\u00a0<\/p><ol start=\"10\"><li><strong> Altera\u00e7\u00f5es<\/strong><\/li><\/ol><p>A SMC reserva-se o direito de atualizar ou alterar esta pol\u00edtica de privacidade a qualquer momento. Sempre que isso ocorrer, ser\u00e1 indicada a data da \u00faltima atualiza\u00e7\u00e3o.<\/p><p>A SMC reserva-se igualmente o direito de suspender o acesso ao seu site, tempor\u00e1ria ou definitivamente, sem aviso pr\u00e9vio.<\/p><p>\u00a0<\/p><p>\u00a0<\/p><p>Obrigada e continua\u00e7\u00e3o de um bom dia.<\/p>\t\t\t\t\t\t\t\t<\/div>\n\t\t\t\t<\/div>\n\t\t\t\t\t<\/div>\n\t\t<\/div>\n\t\t\t\t\t<\/div>\n\t\t<\/section>\n\t\t\t\t<\/div>\n\t\t","protected":false},"excerpt":{"rendered":"<p>POL\u00cdTICA DE COOKIES \u00a0 O website www.samoraiscastro.pt \u00e9 propriedade da Sotecnisol S.A (Grupo Sotecnisol). \u00a0 A SMC respeita a sua privacidade e compromete-se a proteg\u00ea-la. Para esse efeito, chamamos a sua aten\u00e7\u00e3o para esta Nota de Privacidade, que fornece informa\u00e7\u00e3o acerca da nossa pol\u00edtica de privacidade, pr\u00e1ticas e escolhas que poder\u00e1 fazer sobre o modo [&hellip;]<\/p>\n","protected":false},"author":3,"featured_media":0,"parent":0,"menu_order":0,"comment_status":"closed","ping_status":"closed","template":"","meta":{"_monsterinsights_skip_tracking":false,"_monsterinsights_sitenote_active":false,"_monsterinsights_sitenote_note":"","_monsterinsights_sitenote_category":0,"site-sidebar-layout":"no-sidebar","site-content-layout":"page-builder","ast-site-content-layout":"default","site-content-style":"default","site-sidebar-style":"default","ast-global-header-display":"","ast-banner-title-visibility":"","ast-main-header-display":"disabled","ast-hfb-above-header-display":"","ast-hfb-below-header-display":"","ast-hfb-mobile-header-display":"disabled","site-post-title":"disabled","ast-breadcrumbs-content":"disabled","ast-featured-img":"disabled","footer-sml-layout":"disabled","ast-disable-related-posts":"","theme-transparent-header-meta":"default","adv-header-id-meta":"","stick-header-meta":"","header-above-stick-meta":"","header-main-stick-meta":"","header-below-stick-meta":"","astra-migrate-meta-layouts":"default","ast-page-background-enabled":"default","ast-page-background-meta":{"desktop":{"background-color":"","background-image":"","background-repeat":"repeat","background-position":"center center","background-size":"auto","background-attachment":"scroll","background-type":"","background-media":"","overlay-type":"","overlay-color":"","overlay-opacity":"","overlay-gradient":""},"tablet":{"background-color":"","background-image":"","background-repeat":"repeat","background-position":"center center","background-size":"auto","background-attachment":"scroll","background-type":"","background-media":"","overlay-type":"","overlay-color":"","overlay-opacity":"","overlay-gradient":""},"mobile":{"background-color":"","background-image":"","background-repeat":"repeat","background-position":"center center","background-size":"auto","background-attachment":"scroll","background-type":"","background-media":"","overlay-type":"","overlay-color":"","overlay-opacity":"","overlay-gradient":""}},"ast-content-background-meta":{"desktop":{"background-color":"var(--ast-global-color-5)","background-image":"","background-repeat":"repeat","background-position":"center center","background-size":"auto","background-attachment":"scroll","background-type":"","background-media":"","overlay-type":"","overlay-color":"","overlay-opacity":"","overlay-gradient":""},"tablet":{"background-color":"var(--ast-global-color-5)","background-image":"","background-repeat":"repeat","background-position":"center center","background-size":"auto","background-attachment":"scroll","background-type":"","background-media":"","overlay-type":"","overlay-color":"","overlay-opacity":"","overlay-gradient":""},"mobile":{"background-color":"var(--ast-global-color-5)","background-image":"","background-repeat":"repeat","background-position":"center center","background-size":"auto","background-attachment":"scroll","background-type":"","background-media":"","overlay-type":"","overlay-color":"","overlay-opacity":"","overlay-gradient":""}},"footnotes":""},"class_list":["post-610","page","type-page","status-publish","hentry"],"_links":{"self":[{"href":"https:\/\/samoraiscastro.pt\/index.php\/wp-json\/wp\/v2\/pages\/610","targetHints":{"allow":["GET"]}}],"collection":[{"href":"https:\/\/samoraiscastro.pt\/index.php\/wp-json\/wp\/v2\/pages"}],"about":[{"href":"https:\/\/samoraiscastro.pt\/index.php\/wp-json\/wp\/v2\/types\/page"}],"author":[{"embeddable":true,"href":"https:\/\/samoraiscastro.pt\/index.php\/wp-json\/wp\/v2\/users\/3"}],"replies":[{"embeddable":true,"href":"https:\/\/samoraiscastro.pt\/index.php\/wp-json\/wp\/v2\/comments?post=610"}],"version-history":[{"count":7,"href":"https:\/\/samoraiscastro.pt\/index.php\/wp-json\/wp\/v2\/pages\/610\/revisions"}],"predecessor-version":[{"id":4180,"href":"https:\/\/samoraiscastro.pt\/index.php\/wp-json\/wp\/v2\/pages\/610\/revisions\/4180"}],"wp:attachment":[{"href":"https:\/\/samoraiscastro.pt\/index.php\/wp-json\/wp\/v2\/media?parent=610"}],"curies":[{"name":"wp","href":"https:\/\/api.w.org\/{rel}","templated":true}]}}